{"id":52,"date":"2018-08-18T20:14:04","date_gmt":"2018-08-18T20:14:04","guid":{"rendered":"http:\/\/japagirlrider.com\/home\/about\/"},"modified":"2019-01-06T07:56:45","modified_gmt":"2019-01-06T09:56:45","slug":"about","status":"publish","type":"page","link":"https:\/\/japagirlrider.com\/home\/about\/","title":{"rendered":"About Me"},"content":{"rendered":"<div class=\"wpb-content-wrapper\"><p>[vc_row][vc_column][vc_custom_heading text=&#8221;Conhe\u00e7a minha hist\u00f3ria!&#8221; font_container=&#8221;tag:h2|font_size:35px|text_align:left|color:%230c0c0c|line_height:35px&#8221; google_fonts=&#8221;font_family:Courgette%3Aregular|font_style:400%20regular%3A400%3Anormal&#8221;][vc_column_text]Ol\u00e1!<\/p>\n<p>Eu sou Cecilia, no Instagran sou conhecida como Japagirl Rider e adoro andar de motocicleta.<\/p>\n<p>Bom, vamos l\u00e1&#8230; vamos contar um pouco da minha hist\u00f3ria sobre\u00a0duas rodas, de como tudo come\u00e7ou:<\/p>\n<p>&#8211; Comecei andar de moto aos 12 anos de idade, em uma<em>\u00a0Motovi Puch 50cc.<\/em><\/p>\n<p>&#8211; Aos 16 anos tive uma\u00a0<em>Yamaha RX125<\/em>, tenho ela at\u00e9 hoje e pretendo restaurar para realizar viagens.<\/p>\n<p>&#8211; Ap\u00f3s 20 anos sem andar de moto, retornei com uma\u00a0<em>Yamaha Virago 250.\u00a0<\/em><\/p>\n<p>&#8211; Depois desta moto vieram as<em>\u00a0Harleys Davidson: 883 low, Dyna, De Luxe e Fat Boy Special.<\/em><\/p>\n<p>&#8211; Atualmente ando numa\u00a0<em>BMW R1200R,<\/em> e com ela realizei v\u00e1rias viagens pela Am\u00e9rica do Sul.<\/p>\n<p>Gostaria de compartilhar com voc\u00eas algumas viagens realizadas e as que ainda est\u00e3o por vir.<\/p>\n<p>Me acompanhem!<\/p>\n<\/div>","protected":false},"excerpt":{"rendered":"<p>[vc_row][vc_column][vc_custom_heading text=&#8221;Conhe\u00e7a minha hist\u00f3ria!&#8221; font_container=&#8221;tag:h2|font_size:35px|text_align:left|color:%230c0c0c|line_height:35px&#8221; google_fonts=&#8221;font_family:Courgette%3Aregular|font_style:400%20regular%3A400%3Anormal&#8221;][vc_column_text]Ol\u00e1! Eu sou Cecilia, no Instagran sou conhecida como Japagirl Rider e adoro andar de motocicleta. Bom, vamos l\u00e1&#8230; vamos contar um pouco da minha hist\u00f3ria sobre\u00a0duas rodas, de como tudo come\u00e7ou: &#8211; Comecei andar de moto aos 12 anos de idade, em uma\u00a0Motovi Puch 50cc. &#8211; Aos 16 anos [&hellip;]<\/p>\n","protected":false},"author":1,"featured_media":0,"parent":0,"menu_order":0,"comment_status":"closed","ping_status":"closed","template":"","meta":{"footnotes":""},"class_list":["post-52","page","type-page","status-publish","hentry"],"_links":{"self":[{"href":"https:\/\/japagirlrider.com\/home\/wp-json\/wp\/v2\/pages\/52","targetHints":{"allow":["GET"]}}],"collection":[{"href":"https:\/\/japagirlrider.com\/home\/wp-json\/wp\/v2\/pages"}],"about":[{"href":"https:\/\/japagirlrider.com\/home\/wp-json\/wp\/v2\/types\/page"}],"author":[{"embeddable":true,"href":"https:\/\/japagirlrider.com\/home\/wp-json\/wp\/v2\/users\/1"}],"replies":[{"embeddable":true,"href":"https:\/\/japagirlrider.com\/home\/wp-json\/wp\/v2\/comments?post=52"}],"version-history":[{"count":12,"href":"https:\/\/japagirlrider.com\/home\/wp-json\/wp\/v2\/pages\/52\/revisions"}],"predecessor-version":[{"id":573,"href":"https:\/\/japagirlrider.com\/home\/wp-json\/wp\/v2\/pages\/52\/revisions\/573"}],"wp:attachment":[{"href":"https:\/\/japagirlrider.com\/home\/wp-json\/wp\/v2\/media?parent=52"}],"curies":[{"name":"wp","href":"https:\/\/api.w.org\/{rel}","templated":true}]}}